{"id":266,"date":"2025-04-28T20:53:11","date_gmt":"2025-04-28T20:53:11","guid":{"rendered":"https:\/\/rsr-imagin-group.com\/?page_id=266"},"modified":"2025-05-22T08:45:51","modified_gmt":"2025-05-22T08:45:51","slug":"contact","status":"publish","type":"page","link":"https:\/\/www.rsr-imagin-group.com\/index.php\/contact\/","title":{"rendered":"Contact"},"content":{"rendered":"\t\t<div data-elementor-type=\"wp-page\" data-elementor-id=\"266\" class=\"elementor elementor-266\" data-elementor-post-type=\"page\">\n\t\t\t\t<div class=\"elementor-element elementor-element-f87e616 e-flex e-con-boxed e-con e-parent\" data-id=\"f87e616\" data-element_type=\"container\" data-e-type=\"container\" data-settings=\"{&quot;background_background&quot;:&quot;classic&quot;}\">\n\t\t\t\t\t<div class=\"e-con-inner\">\n\t\t<div class=\"elementor-element elementor-element-07304f9 e-con-full e-flex e-con e-child\" data-id=\"07304f9\" data-element_type=\"container\" data-e-type=\"container\">\n\t\t\t\t<div class=\"elementor-element elementor-element-5610dce elementor-widget elementor-widget-heading\" data-id=\"5610dce\" data-element_type=\"widget\" data-e-type=\"widget\" data-widget_type=\"heading.default\">\n\t\t\t\t<div class=\"elementor-widget-container\">\n\t\t\t\t\t<h2 class=\"elementor-heading-title elementor-size-default\">Vous cherchez une solution fiable pour renforcer vos effectifs en imagerie m\u00e9dicale ?<\/h2>\t\t\t\t<\/div>\n\t\t\t\t<\/div>\n\t\t<div class=\"elementor-element elementor-element-df5a799 e-con-full e-flex e-con e-child\" data-id=\"df5a799\" data-element_type=\"container\" data-e-type=\"container\" data-settings=\"{&quot;background_background&quot;:&quot;classic&quot;}\">\n\t\t\t\t<div class=\"elementor-element elementor-element-5f17d76 elementor-widget elementor-widget-text-editor\" data-id=\"5f17d76\" data-element_type=\"widget\" data-e-type=\"widget\" data-widget_type=\"text-editor.default\">\n\t\t\t\t<div class=\"elementor-widget-container\">\n\t\t\t\t\t\t\t\t\t<p>Nous sommes \u00e0 votre \u00e9coute. Parlons de vos besoins et voyons comment\u00a0RSR-Imagin Group peut vous accompagner, d\u00e8s aujourd\u2019hui.<\/p>\t\t\t\t\t\t\t\t<\/div>\n\t\t\t\t<\/div>\n\t\t\t\t<\/div>\n\t\t\t\t<\/div>\n\t\t\t\t\t<\/div>\n\t\t\t\t<\/div>\n\t\t<div class=\"elementor-element elementor-element-7d2a828 e-flex e-con-boxed e-con e-parent\" data-id=\"7d2a828\" data-element_type=\"container\" data-e-type=\"container\">\n\t\t\t\t\t<div class=\"e-con-inner\">\n\t\t<div class=\"elementor-element elementor-element-f4f8494 e-con-full e-flex e-con e-child\" data-id=\"f4f8494\" data-element_type=\"container\" data-e-type=\"container\">\n\t\t<div class=\"elementor-element elementor-element-0fa1baa e-con-full e-flex e-con e-child\" data-id=\"0fa1baa\" data-element_type=\"container\" data-e-type=\"container\">\n\t\t\t\t<div class=\"elementor-element elementor-element-ed6ef8d elementor-widget elementor-widget-heading\" data-id=\"ed6ef8d\" data-element_type=\"widget\" data-e-type=\"widget\" data-widget_type=\"heading.default\">\n\t\t\t\t<div class=\"elementor-widget-container\">\n\t\t\t\t\t<h2 class=\"elementor-heading-title elementor-size-default\">RSR-Imagin GROUP SRL.<\/h2>\t\t\t\t<\/div>\n\t\t\t\t<\/div>\n\t\t\t\t<\/div>\n\t\t<div class=\"elementor-element elementor-element-941d5b5 e-con-full e-flex e-con e-child\" data-id=\"941d5b5\" data-element_type=\"container\" data-e-type=\"container\">\n\t\t\t\t<div class=\"elementor-element elementor-element-be934b9 elementor-widget elementor-widget-text-editor\" data-id=\"be934b9\" data-element_type=\"widget\" data-e-type=\"widget\" data-widget_type=\"text-editor.default\">\n\t\t\t\t<div class=\"elementor-widget-container\">\n\t\t\t\t\t\t\t\t\t<div class=\"mobile:text-sm flex items-center gap-1\"><div class=\"inline-flex flex-wrap\"><div class=\"w-full\"><span class=\"cursor-help\"><span id=\"address\" class=\"mr-1\">Poelkbeekstraat 64,<\/span><span class=\"whitespace-nowrap\"><span id=\"postalcode\" class=\"mr-1\">1760<\/span><span id=\"locality\">Roosdaal<\/span><\/span><span id=\"locality\"><\/span><span id=\"locality\"><\/span><\/span><\/div><\/div><\/div>\t\t\t\t\t\t\t\t<\/div>\n\t\t\t\t<\/div>\n\t\t\t\t<\/div>\n\t\t<div class=\"elementor-element elementor-element-c0e6c8c e-con-full e-flex e-con e-child\" data-id=\"c0e6c8c\" data-element_type=\"container\" data-e-type=\"container\">\n\t\t\t\t<div class=\"elementor-element elementor-element-0336e37 elementor-widget elementor-widget-text-editor\" data-id=\"0336e37\" data-element_type=\"widget\" data-e-type=\"widget\" data-widget_type=\"text-editor.default\">\n\t\t\t\t<div class=\"elementor-widget-container\">\n\t\t\t\t\t\t\t\t\t<p><a href=\"mailto:gestion.admin@rsr-imagin-group.com\">gestion.admin@rsr-imagin-group.com<\/a><\/p>\t\t\t\t\t\t\t\t<\/div>\n\t\t\t\t<\/div>\n\t\t\t\t<\/div>\n\t\t\t\t<\/div>\n\t\t<div class=\"elementor-element elementor-element-1ab877c e-con-full e-flex e-con e-child\" data-id=\"1ab877c\" data-element_type=\"container\" data-e-type=\"container\" data-settings=\"{&quot;background_background&quot;:&quot;classic&quot;}\">\n\t\t\t\t<div class=\"elementor-element elementor-element-ef6aa7d elementor-button-align-stretch elementor-widget elementor-widget-form\" data-id=\"ef6aa7d\" data-element_type=\"widget\" data-e-type=\"widget\" data-settings=\"{&quot;button_width&quot;:&quot;33&quot;,&quot;step_next_label&quot;:&quot;Suivant&quot;,&quot;step_previous_label&quot;:&quot;Pr\\u00e9c\\u00e9dent&quot;,&quot;step_type&quot;:&quot;number_text&quot;,&quot;step_icon_shape&quot;:&quot;circle&quot;}\" data-widget_type=\"form.default\">\n\t\t\t\t<div class=\"elementor-widget-container\">\n\t\t\t\t\t\t\t<form class=\"elementor-form\" method=\"post\" name=\"Nouveau formulaire\">\n\t\t\t<input type=\"hidden\" name=\"post_id\" value=\"266\"\/>\n\t\t\t<input type=\"hidden\" name=\"form_id\" value=\"ef6aa7d\"\/>\n\t\t\t<input type=\"hidden\" name=\"referer_title\" value=\"Contact | RSR-Imagin GROUP\" \/>\n\n\t\t\t\t\t\t\t<input type=\"hidden\" name=\"queried_id\" value=\"266\"\/>\n\t\t\t\n\t\t\t<div class=\"elementor-form-fields-wrapper elementor-labels-above\">\n\t\t\t\t\t\t\t\t<div class=\"elementor-field-type-text elementor-field-group elementor-column elementor-field-group-name elementor-col-75 elementor-field-required elementor-mark-required\">\n\t\t\t\t\t\t\t\t\t\t\t\t<label for=\"form-field-name\" class=\"elementor-field-label\">\n\t\t\t\t\t\t\t\tNom complet \t\t\t\t\t\t\t<\/label>\n\t\t\t\t\t\t\t\t\t\t\t\t\t\t<input size=\"1\" type=\"text\" name=\"form_fields[name]\" id=\"form-field-name\" class=\"elementor-field elementor-size-sm  elementor-field-textual\" required=\"required\">\n\t\t\t\t\t\t\t\t\t\t\t<\/div>\n\t\t\t\t\t\t\t\t<div class=\"elementor-field-type-select elementor-field-group elementor-column elementor-field-group-field_3129a84 elementor-col-75\">\n\t\t\t\t\t\t\t\t\t\t\t\t<label for=\"form-field-field_3129a84\" class=\"elementor-field-label\">\n\t\t\t\t\t\t\t\tStructure m\u00e9dicale\t\t\t\t\t\t\t<\/label>\n\t\t\t\t\t\t\t\t<div class=\"elementor-field elementor-select-wrapper remove-before \">\n\t\t\t<div class=\"select-caret-down-wrapper\">\n\t\t\t\t<svg aria-hidden=\"true\" class=\"e-font-icon-svg e-eicon-caret-down\" viewBox=\"0 0 571.4 571.4\" xmlns=\"http:\/\/www.w3.org\/2000\/svg\"><path d=\"M571 393Q571 407 561 418L311 668Q300 679 286 679T261 668L11 418Q0 407 0 393T11 368 36 357H536Q550 357 561 368T571 393Z\"><\/path><\/svg>\t\t\t<\/div>\n\t\t\t<select name=\"form_fields[field_3129a84]\" id=\"form-field-field_3129a84\" class=\"elementor-field-textual elementor-size-sm\">\n\t\t\t\t\t\t\t\t\t<option value=\"Institution hospitali\u00e8re\">Institution hospitali\u00e8re<\/option>\n\t\t\t\t\t\t\t\t\t<option value=\"Cabinet priv\u00e9\">Cabinet priv\u00e9<\/option>\n\t\t\t\t\t\t\t\t\t<option value=\"Ind\u00e9pendant\">Ind\u00e9pendant<\/option>\n\t\t\t\t\t\t\t\t\t<option value=\"Autre\">Autre<\/option>\n\t\t\t\t\t\t\t<\/select>\n\t\t<\/div>\n\t\t\t\t\t\t<\/div>\n\t\t\t\t\t\t\t\t<div class=\"elementor-field-type-select elementor-field-group elementor-column elementor-field-group-field_926dbdb elementor-col-75\">\n\t\t\t\t\t\t\t\t\t\t\t\t<label for=\"form-field-field_926dbdb\" class=\"elementor-field-label\">\n\t\t\t\t\t\t\t\tFonction\t\t\t\t\t\t\t<\/label>\n\t\t\t\t\t\t\t\t<div class=\"elementor-field elementor-select-wrapper remove-before \">\n\t\t\t<div class=\"select-caret-down-wrapper\">\n\t\t\t\t<svg aria-hidden=\"true\" class=\"e-font-icon-svg e-eicon-caret-down\" viewBox=\"0 0 571.4 571.4\" xmlns=\"http:\/\/www.w3.org\/2000\/svg\"><path d=\"M571 393Q571 407 561 418L311 668Q300 679 286 679T261 668L11 418Q0 407 0 393T11 368 36 357H536Q550 357 561 368T571 393Z\"><\/path><\/svg>\t\t\t<\/div>\n\t\t\t<select name=\"form_fields[field_926dbdb]\" id=\"form-field-field_926dbdb\" class=\"elementor-field-textual elementor-size-sm\">\n\t\t\t\t\t\t\t\t\t<option value=\"Ressources humaines\">Ressources humaines<\/option>\n\t\t\t\t\t\t\t\t\t<option value=\"Gestionnaire\">Gestionnaire<\/option>\n\t\t\t\t\t\t\t\t\t<option value=\"M\u00e9decin\">M\u00e9decin<\/option>\n\t\t\t\t\t\t\t\t\t<option value=\"Technologue\">Technologue<\/option>\n\t\t\t\t\t\t\t\t\t<option value=\"Autre\">Autre<\/option>\n\t\t\t\t\t\t\t<\/select>\n\t\t<\/div>\n\t\t\t\t\t\t<\/div>\n\t\t\t\t\t\t\t\t<div class=\"elementor-field-type-email elementor-field-group elementor-column elementor-field-group-email elementor-col-75 elementor-field-required elementor-mark-required\">\n\t\t\t\t\t\t\t\t\t\t\t\t<label for=\"form-field-email\" class=\"elementor-field-label\">\n\t\t\t\t\t\t\t\tE-mail professionnel \t\t\t\t\t\t\t<\/label>\n\t\t\t\t\t\t\t\t\t\t\t\t\t\t<input size=\"1\" type=\"email\" name=\"form_fields[email]\" id=\"form-field-email\" class=\"elementor-field elementor-size-sm  elementor-field-textual\" required=\"required\">\n\t\t\t\t\t\t\t\t\t\t\t<\/div>\n\t\t\t\t\t\t\t\t<div class=\"elementor-field-type-text elementor-field-group elementor-column elementor-field-group-field_555c3ca elementor-col-75\">\n\t\t\t\t\t\t\t\t\t\t\t\t<label for=\"form-field-field_555c3ca\" class=\"elementor-field-label\">\n\t\t\t\t\t\t\t\tT\u00e9l\u00e9phone\t\t\t\t\t\t\t<\/label>\n\t\t\t\t\t\t\t\t\t\t\t\t\t\t<input size=\"1\" type=\"text\" name=\"form_fields[field_555c3ca]\" id=\"form-field-field_555c3ca\" class=\"elementor-field elementor-size-sm  elementor-field-textual\">\n\t\t\t\t\t\t\t\t\t\t\t<\/div>\n\t\t\t\t\t\t\t\t<div class=\"elementor-field-type-select elementor-field-group elementor-column elementor-field-group-field_e5b9dfb elementor-col-75\">\n\t\t\t\t\t\t\t\t\t\t\t\t<label for=\"form-field-field_e5b9dfb\" class=\"elementor-field-label\">\n\t\t\t\t\t\t\t\tSujet de la demande\t\t\t\t\t\t\t<\/label>\n\t\t\t\t\t\t\t\t<div class=\"elementor-field elementor-select-wrapper remove-before \">\n\t\t\t<div class=\"select-caret-down-wrapper\">\n\t\t\t\t<svg aria-hidden=\"true\" class=\"e-font-icon-svg e-eicon-caret-down\" viewBox=\"0 0 571.4 571.4\" xmlns=\"http:\/\/www.w3.org\/2000\/svg\"><path d=\"M571 393Q571 407 561 418L311 668Q300 679 286 679T261 668L11 418Q0 407 0 393T11 368 36 357H536Q550 357 561 368T571 393Z\"><\/path><\/svg>\t\t\t<\/div>\n\t\t\t<select name=\"form_fields[field_e5b9dfb]\" id=\"form-field-field_e5b9dfb\" class=\"elementor-field-textual elementor-size-sm\">\n\t\t\t\t\t\t\t\t\t<option value=\"Besoin urgent en technologue\">Besoin urgent en technologue<\/option>\n\t\t\t\t\t\t\t\t\t<option value=\"Collaboration \u00e0 long terme\">Collaboration \u00e0 long terme<\/option>\n\t\t\t\t\t\t\t\t\t<option value=\"Devenir collaborateur RSR\">Devenir collaborateur RSR<\/option>\n\t\t\t\t\t\t\t\t\t<option value=\"Autre\">Autre<\/option>\n\t\t\t\t\t\t\t<\/select>\n\t\t<\/div>\n\t\t\t\t\t\t<\/div>\n\t\t\t\t\t\t\t\t<div class=\"elementor-field-type-textarea elementor-field-group elementor-column elementor-field-group-message elementor-col-100 elementor-field-required elementor-mark-required\">\n\t\t\t\t\t\t\t\t\t\t\t\t<label for=\"form-field-message\" class=\"elementor-field-label\">\n\t\t\t\t\t\t\t\tMessage\t\t\t\t\t\t\t<\/label>\n\t\t\t\t\t\t<textarea class=\"elementor-field-textual elementor-field  elementor-size-sm\" name=\"form_fields[message]\" id=\"form-field-message\" rows=\"8\" required=\"required\"><\/textarea>\t\t\t\t<\/div>\n\t\t\t\t\t\t\t\t<div class=\"elementor-field-group elementor-column elementor-field-type-submit elementor-col-33 e-form__buttons\">\n\t\t\t\t\t<button class=\"elementor-button elementor-size-sm\" type=\"submit\">\n\t\t\t\t\t\t<span class=\"elementor-button-content-wrapper\">\n\t\t\t\t\t\t\t\t\t\t\t\t\t\t\t\t\t\t\t\t\t\t<span class=\"elementor-button-text\">Envoyer<\/span>\n\t\t\t\t\t\t\t\t\t\t\t\t\t<\/span>\n\t\t\t\t\t<\/button>\n\t\t\t\t<\/div>\n\t\t\t<\/div>\n\t\t<\/form>\n\t\t\t\t\t\t<\/div>\n\t\t\t\t<\/div>\n\t\t\t\t<\/div>\n\t\t\t\t\t<\/div>\n\t\t\t\t<\/div>\n\t\t\t\t<\/div>\n\t\t","protected":false},"excerpt":{"rendered":"<p>Vous cherchez une solution fiable pour renforcer vos effectifs en imagerie m\u00e9dicale ? Nous sommes \u00e0 votre \u00e9coute. Parlons de vos besoins et voyons comment\u00a0RSR-Imagin Group peut vous accompagner, d\u00e8s aujourd\u2019hui. RSR-Imagin GROUP SRL. Poelkbeekstraat 64,1760Roosdaal gestion.admin@rsr-imagin-group.com<\/p>\n","protected":false},"author":1,"featured_media":0,"parent":0,"menu_order":0,"comment_status":"closed","ping_status":"closed","template":"","meta":{"footnotes":""},"class_list":["post-266","page","type-page","status-publish","hentry"],"yoast_head":"<!-- This site is optimized with the Yoast SEO plugin v26.9 - https:\/\/yoast.com\/product\/yoast-seo-wordpress\/ -->\n<title>Contact | RSR-Imagin GROUP<\/title>\n<meta name=\"robots\" content=\"index, follow, max-snippet:-1, max-image-preview:large, max-video-preview:-1\" \/>\n<link rel=\"canonical\" href=\"https:\/\/www.rsr-imagin-group.com\/index.php\/contact\/\" \/>\n<meta property=\"og:locale\" content=\"fr_FR\" \/>\n<meta property=\"og:type\" content=\"article\" \/>\n<meta property=\"og:title\" content=\"Contact | RSR-Imagin GROUP\" \/>\n<meta property=\"og:description\" content=\"Vous cherchez une solution fiable pour renforcer vos effectifs en imagerie m\u00e9dicale ? Nous sommes \u00e0 votre \u00e9coute. Parlons de vos besoins et voyons comment\u00a0RSR-Imagin Group peut vous accompagner, d\u00e8s aujourd\u2019hui. RSR-Imagin GROUP SRL. Poelkbeekstraat 64,1760Roosdaal gestion.admin@rsr-imagin-group.com\" \/>\n<meta property=\"og:url\" content=\"https:\/\/www.rsr-imagin-group.com\/index.php\/contact\/\" \/>\n<meta property=\"og:site_name\" content=\"RSR-Imagin GROUP\" \/>\n<meta property=\"article:modified_time\" content=\"2025-05-22T08:45:51+00:00\" \/>\n<meta property=\"og:image\" content=\"https:\/\/www.rsr-imagin-group.com\/wp-content\/uploads\/2025\/05\/RSR-Radiologie-Conventionnelle-2.jpg\" \/>\n\t<meta property=\"og:image:width\" content=\"1200\" \/>\n\t<meta property=\"og:image:height\" content=\"675\" \/>\n\t<meta property=\"og:image:type\" content=\"image\/jpeg\" \/>\n<meta name=\"twitter:card\" content=\"summary_large_image\" \/>\n<meta name=\"twitter:label1\" content=\"Dur\u00e9e de lecture estim\u00e9e\" \/>\n\t<meta name=\"twitter:data1\" content=\"1 minute\" \/>\n<script type=\"application\/ld+json\" class=\"yoast-schema-graph\">{\"@context\":\"https:\/\/schema.org\",\"@graph\":[{\"@type\":\"WebPage\",\"@id\":\"https:\/\/www.rsr-imagin-group.com\/index.php\/contact\/\",\"url\":\"https:\/\/www.rsr-imagin-group.com\/index.php\/contact\/\",\"name\":\"Contact | RSR-Imagin GROUP\",\"isPartOf\":{\"@id\":\"https:\/\/www.rsr-imagin-group.com\/#website\"},\"datePublished\":\"2025-04-28T20:53:11+00:00\",\"dateModified\":\"2025-05-22T08:45:51+00:00\",\"breadcrumb\":{\"@id\":\"https:\/\/www.rsr-imagin-group.com\/index.php\/contact\/#breadcrumb\"},\"inLanguage\":\"fr-FR\",\"potentialAction\":[{\"@type\":\"ReadAction\",\"target\":[\"https:\/\/www.rsr-imagin-group.com\/index.php\/contact\/\"]}]},{\"@type\":\"BreadcrumbList\",\"@id\":\"https:\/\/www.rsr-imagin-group.com\/index.php\/contact\/#breadcrumb\",\"itemListElement\":[{\"@type\":\"ListItem\",\"position\":1,\"name\":\"Accueil\",\"item\":\"https:\/\/www.rsr-imagin-group.com\/\"},{\"@type\":\"ListItem\",\"position\":2,\"name\":\"Contact\"}]},{\"@type\":\"WebSite\",\"@id\":\"https:\/\/www.rsr-imagin-group.com\/#website\",\"url\":\"https:\/\/www.rsr-imagin-group.com\/\",\"name\":\"RSR-Imagin GROUP\",\"description\":\"RSR Imagine Group : votre partenaire de confiance pour renforcer vos effectifs en radiologie, scanner et IRM. Disponibilit\u00e9 et expertise \u00e0 Bruxelles et en Wallonie.\",\"publisher\":{\"@id\":\"https:\/\/www.rsr-imagin-group.com\/#organization\"},\"alternateName\":\"RSR Imagerie M\u00e9dicale\",\"potentialAction\":[{\"@type\":\"SearchAction\",\"target\":{\"@type\":\"EntryPoint\",\"urlTemplate\":\"https:\/\/www.rsr-imagin-group.com\/?s={search_term_string}\"},\"query-input\":{\"@type\":\"PropertyValueSpecification\",\"valueRequired\":true,\"valueName\":\"search_term_string\"}}],\"inLanguage\":\"fr-FR\"},{\"@type\":\"Organization\",\"@id\":\"https:\/\/www.rsr-imagin-group.com\/#organization\",\"name\":\"RSR-Imagin GROUP\",\"url\":\"https:\/\/www.rsr-imagin-group.com\/\",\"logo\":{\"@type\":\"ImageObject\",\"inLanguage\":\"fr-FR\",\"@id\":\"https:\/\/www.rsr-imagin-group.com\/#\/schema\/logo\/image\/\",\"url\":\"https:\/\/www.rsr-imagin-group.com\/wp-content\/uploads\/2025\/01\/RSR-Imagin-GROUP-Logo-3.png\",\"contentUrl\":\"https:\/\/www.rsr-imagin-group.com\/wp-content\/uploads\/2025\/01\/RSR-Imagin-GROUP-Logo-3.png\",\"width\":500,\"height\":242,\"caption\":\"RSR-Imagin GROUP\"},\"image\":{\"@id\":\"https:\/\/www.rsr-imagin-group.com\/#\/schema\/logo\/image\/\"}}]}<\/script>\n<!-- \/ Yoast SEO plugin. -->","yoast_head_json":{"title":"Contact | RSR-Imagin GROUP","robots":{"index":"index","follow":"follow","max-snippet":"max-snippet:-1","max-image-preview":"max-image-preview:large","max-video-preview":"max-video-preview:-1"},"canonical":"https:\/\/www.rsr-imagin-group.com\/index.php\/contact\/","og_locale":"fr_FR","og_type":"article","og_title":"Contact | RSR-Imagin GROUP","og_description":"Vous cherchez une solution fiable pour renforcer vos effectifs en imagerie m\u00e9dicale ? Nous sommes \u00e0 votre \u00e9coute. Parlons de vos besoins et voyons comment\u00a0RSR-Imagin Group peut vous accompagner, d\u00e8s aujourd\u2019hui. RSR-Imagin GROUP SRL. Poelkbeekstraat 64,1760Roosdaal gestion.admin@rsr-imagin-group.com","og_url":"https:\/\/www.rsr-imagin-group.com\/index.php\/contact\/","og_site_name":"RSR-Imagin GROUP","article_modified_time":"2025-05-22T08:45:51+00:00","og_image":[{"width":1200,"height":675,"url":"https:\/\/www.rsr-imagin-group.com\/wp-content\/uploads\/2025\/05\/RSR-Radiologie-Conventionnelle-2.jpg","type":"image\/jpeg"}],"twitter_card":"summary_large_image","twitter_misc":{"Dur\u00e9e de lecture estim\u00e9e":"1 minute"},"schema":{"@context":"https:\/\/schema.org","@graph":[{"@type":"WebPage","@id":"https:\/\/www.rsr-imagin-group.com\/index.php\/contact\/","url":"https:\/\/www.rsr-imagin-group.com\/index.php\/contact\/","name":"Contact | RSR-Imagin GROUP","isPartOf":{"@id":"https:\/\/www.rsr-imagin-group.com\/#website"},"datePublished":"2025-04-28T20:53:11+00:00","dateModified":"2025-05-22T08:45:51+00:00","breadcrumb":{"@id":"https:\/\/www.rsr-imagin-group.com\/index.php\/contact\/#breadcrumb"},"inLanguage":"fr-FR","potentialAction":[{"@type":"ReadAction","target":["https:\/\/www.rsr-imagin-group.com\/index.php\/contact\/"]}]},{"@type":"BreadcrumbList","@id":"https:\/\/www.rsr-imagin-group.com\/index.php\/contact\/#breadcrumb","itemListElement":[{"@type":"ListItem","position":1,"name":"Accueil","item":"https:\/\/www.rsr-imagin-group.com\/"},{"@type":"ListItem","position":2,"name":"Contact"}]},{"@type":"WebSite","@id":"https:\/\/www.rsr-imagin-group.com\/#website","url":"https:\/\/www.rsr-imagin-group.com\/","name":"RSR-Imagin GROUP","description":"RSR Imagine Group : votre partenaire de confiance pour renforcer vos effectifs en radiologie, scanner et IRM. Disponibilit\u00e9 et expertise \u00e0 Bruxelles et en Wallonie.","publisher":{"@id":"https:\/\/www.rsr-imagin-group.com\/#organization"},"alternateName":"RSR Imagerie M\u00e9dicale","potentialAction":[{"@type":"SearchAction","target":{"@type":"EntryPoint","urlTemplate":"https:\/\/www.rsr-imagin-group.com\/?s={search_term_string}"},"query-input":{"@type":"PropertyValueSpecification","valueRequired":true,"valueName":"search_term_string"}}],"inLanguage":"fr-FR"},{"@type":"Organization","@id":"https:\/\/www.rsr-imagin-group.com\/#organization","name":"RSR-Imagin GROUP","url":"https:\/\/www.rsr-imagin-group.com\/","logo":{"@type":"ImageObject","inLanguage":"fr-FR","@id":"https:\/\/www.rsr-imagin-group.com\/#\/schema\/logo\/image\/","url":"https:\/\/www.rsr-imagin-group.com\/wp-content\/uploads\/2025\/01\/RSR-Imagin-GROUP-Logo-3.png","contentUrl":"https:\/\/www.rsr-imagin-group.com\/wp-content\/uploads\/2025\/01\/RSR-Imagin-GROUP-Logo-3.png","width":500,"height":242,"caption":"RSR-Imagin GROUP"},"image":{"@id":"https:\/\/www.rsr-imagin-group.com\/#\/schema\/logo\/image\/"}}]}},"_links":{"self":[{"href":"https:\/\/www.rsr-imagin-group.com\/index.php\/wp-json\/wp\/v2\/pages\/266","targetHints":{"allow":["GET"]}}],"collection":[{"href":"https:\/\/www.rsr-imagin-group.com\/index.php\/wp-json\/wp\/v2\/pages"}],"about":[{"href":"https:\/\/www.rsr-imagin-group.com\/index.php\/wp-json\/wp\/v2\/types\/page"}],"author":[{"embeddable":true,"href":"https:\/\/www.rsr-imagin-group.com\/index.php\/wp-json\/wp\/v2\/users\/1"}],"replies":[{"embeddable":true,"href":"https:\/\/www.rsr-imagin-group.com\/index.php\/wp-json\/wp\/v2\/comments?post=266"}],"version-history":[{"count":64,"href":"https:\/\/www.rsr-imagin-group.com\/index.php\/wp-json\/wp\/v2\/pages\/266\/revisions"}],"predecessor-version":[{"id":913,"href":"https:\/\/www.rsr-imagin-group.com\/index.php\/wp-json\/wp\/v2\/pages\/266\/revisions\/913"}],"wp:attachment":[{"href":"https:\/\/www.rsr-imagin-group.com\/index.php\/wp-json\/wp\/v2\/media?parent=266"}],"curies":[{"name":"wp","href":"https:\/\/api.w.org\/{rel}","templated":true}]}}